{"id":805,"date":"2018-02-20T16:33:35","date_gmt":"2018-02-20T15:33:35","guid":{"rendered":"http:\/\/www.dagmarsaeger.de\/?page_id=805"},"modified":"2018-05-07T11:28:30","modified_gmt":"2018-05-07T09:28:30","slug":"training","status":"publish","type":"page","link":"https:\/\/dagmarsaeger.de\/?page_id=805","title":{"rendered":"Training"},"content":{"rendered":"\n<style type=\"text\/css\" data-created_by=\"avia_inline_auto\" id=\"style-css-av-av_section-600aa4329972ffb6c8580ba7df52947a\">\n.avia-section.av-av_section-600aa4329972ffb6c8580ba7df52947a{\nbackground-color:#bd1521;\nbackground-image:unset;\n}\n.avia-section.av-av_section-600aa4329972ffb6c8580ba7df52947a .av-extra-border-element .av-extra-border-inner{\nbackground-color:#bd1521;\n}\n<\/style>\n<div id='av_section_1'  class='avia-section av-av_section-600aa4329972ffb6c8580ba7df52947a main_color avia-section-default avia-no-border-styling  avia-builder-el-0  el_before_av_section  avia-builder-el-first  avia-bg-style-scroll av-arrow-down-section av-minimum-height av-minimum-height-custom av-height-custom  container_wrap sidebar_right'   data-av_minimum_height_px='250'><div class='container av-section-cont-open' style='height:250px'><main  role=\"main\" itemprop=\"mainContentOfPage\"  class='template-page content  av-content-small alpha units'><div class='post-entry post-entry-type-page post-entry-805'><div class='entry-content-wrapper clearfix'>\n\n<style type=\"text\/css\" data-created_by=\"avia_inline_auto\" id=\"style-css-av-av_heading-b7141c54bbc326312842ce0c1b9f40c2\">\n#top .av-special-heading.av-av_heading-b7141c54bbc326312842ce0c1b9f40c2{\npadding-bottom:40px;\ncolor:#ffffff;\nfont-size:64px;\n}\nbody .av-special-heading.av-av_heading-b7141c54bbc326312842ce0c1b9f40c2 .av-special-heading-tag .heading-char{\nfont-size:25px;\n}\n#top #wrap_all .av-special-heading.av-av_heading-b7141c54bbc326312842ce0c1b9f40c2 .av-special-heading-tag{\nfont-size:64px;\n}\n.av-special-heading.av-av_heading-b7141c54bbc326312842ce0c1b9f40c2 .special-heading-inner-border{\nborder-color:#ffffff;\n}\n.av-special-heading.av-av_heading-b7141c54bbc326312842ce0c1b9f40c2 .av-subheading{\nfont-size:20px;\n}\n\n@media only screen and (min-width: 768px) and (max-width: 989px){ \n#top #wrap_all .av-special-heading.av-av_heading-b7141c54bbc326312842ce0c1b9f40c2 .av-special-heading-tag{\nfont-size:50px;\n}\n}\n\n@media only screen and (min-width: 480px) and (max-width: 767px){ \n#top #wrap_all .av-special-heading.av-av_heading-b7141c54bbc326312842ce0c1b9f40c2 .av-special-heading-tag{\nfont-size:40px;\n}\n}\n\n@media only screen and (max-width: 479px){ \n#top #wrap_all .av-special-heading.av-av_heading-b7141c54bbc326312842ce0c1b9f40c2 .av-special-heading-tag{\nfont-size:30px;\n}\n}\n<\/style>\n<div  class='av-special-heading av-av_heading-b7141c54bbc326312842ce0c1b9f40c2 av-special-heading-h2 custom-color-heading blockquote modern-quote  avia-builder-el-1  avia-builder-el-no-sibling  av-inherit-size'><div class='av_custom_color av-subheading av-subheading_above'><p>Dagmar S\u00e4ger, Training<\/p>\n<\/div><h2 class='av-special-heading-tag'  itemprop=\"headline\"  >Qualit\u00e4t durch Wissen und \u00dcbung<\/h2><div class=\"special-heading-border\"><div class=\"special-heading-inner-border\"><\/div><\/div><\/div>\n\n<\/div><\/div><\/main><!-- close content main element --><\/div><div class='av-extra-border-element border-extra-arrow-down'><div class='av-extra-border-outer'><div class='av-extra-border-inner'><\/div><\/div><\/div><\/div>\n<style type=\"text\/css\" data-created_by=\"avia_inline_auto\" id=\"style-css-av-av_section-9bdcbf2174533b716d5e39574c8655a2\">\n.avia-section.av-av_section-9bdcbf2174533b716d5e39574c8655a2 .av-extra-border-element .av-extra-border-inner{\nbackground-color:#ffffff;\n}\n<\/style>\n<div id='av_section_2'  class='avia-section av-av_section-9bdcbf2174533b716d5e39574c8655a2 main_color avia-section-large avia-no-shadow  avia-builder-el-2  el_after_av_section  el_before_av_button_big  avia-bg-style-scroll av-arrow-down-section container_wrap sidebar_right'  ><div class='container av-section-cont-open' ><div class='template-page content  av-content-small alpha units'><div class='post-entry post-entry-type-page post-entry-805'><div class='entry-content-wrapper clearfix'>\n<div  class='flex_column av-av_one_fifth-2a9015ff38129c418a3f2eafba3e9512 av_one_fifth  avia-builder-el-3  el_before_av_three_fifth  avia-builder-el-first  first flex_column_div  '     ><\/div>\n<style type=\"text\/css\" data-created_by=\"avia_inline_auto\" id=\"style-css-av-av_three_fifth-c8fc129dc35fd1ae2a1e410224d39ea8\">\n.flex_column.av-av_three_fifth-c8fc129dc35fd1ae2a1e410224d39ea8{\nborder-radius:0px 0px 0px 0px;\npadding:0px 0px 0px 0px;\n}\n<\/style>\n<div  class='flex_column av-av_three_fifth-c8fc129dc35fd1ae2a1e410224d39ea8 av_three_fifth  avia-builder-el-4  el_after_av_one_fifth  el_before_av_one_fifth  flex_column_div av-zero-column-padding  '     ><style type=\"text\/css\" data-created_by=\"avia_inline_auto\" id=\"style-css-av-av_icon_box-d2ecde173691c724eda48aa5a0a8d647\">\n.iconbox.av-av_icon_box-d2ecde173691c724eda48aa5a0a8d647 .iconbox_icon{\nborder:1px solid #bd1521;\ncolor:#bd1521;\n}\n<\/style>\n<article  class='iconbox iconbox_top av-av_icon_box-d2ecde173691c724eda48aa5a0a8d647 av-no-box  avia-builder-el-5  avia-builder-el-no-sibling '  itemscope=\"itemscope\" itemtype=\"https:\/\/schema.org\/CreativeWork\" ><div class=\"iconbox_content\"><header class=\"entry-content-header\"><div class=\"iconbox_icon heading-color\" aria-hidden='true' data-av_icon='\ue81f' data-av_iconfont='entypo-fontello'><\/div><h3 class='iconbox_content_title '  itemprop=\"headline\" >Regelm\u00e4\u00dfig offene Seminare<\/h3><\/header><div class='iconbox_content_container '  itemprop=\"text\" ><p><span style=\"color: #bd1521;\">z.B.: im Bildungszentrum Tannenfelde<\/span><\/p>\n<\/div><\/div><footer class=\"entry-footer\"><\/footer><\/article><\/div>\n<style type=\"text\/css\" data-created_by=\"avia_inline_auto\" id=\"style-css-av-av_one_fifth-c8fc129dc35fd1ae2a1e410224d39ea8\">\n.flex_column.av-av_one_fifth-c8fc129dc35fd1ae2a1e410224d39ea8{\nborder-radius:0px 0px 0px 0px;\npadding:0px 0px 0px 0px;\n}\n<\/style>\n<div  class='flex_column av-av_one_fifth-c8fc129dc35fd1ae2a1e410224d39ea8 av_one_fifth  avia-builder-el-6  el_after_av_three_fifth  el_before_av_one_fifth  flex_column_div av-zero-column-padding  '     ><\/div><div  class='flex_column av-av_one_fifth-2a9015ff38129c418a3f2eafba3e9512 av_one_fifth  avia-builder-el-7  el_after_av_one_fifth  el_before_av_three_fifth  first flex_column_div  column-top-margin'     ><\/div>\n<style type=\"text\/css\" data-created_by=\"avia_inline_auto\" id=\"style-css-av-av_three_fifth-c8fc129dc35fd1ae2a1e410224d39ea8\">\n.flex_column.av-av_three_fifth-c8fc129dc35fd1ae2a1e410224d39ea8{\nborder-radius:0px 0px 0px 0px;\npadding:0px 0px 0px 0px;\n}\n<\/style>\n<div  class='flex_column av-av_three_fifth-c8fc129dc35fd1ae2a1e410224d39ea8 av_three_fifth  avia-builder-el-8  el_after_av_one_fifth  el_before_av_one_fifth  flex_column_div av-zero-column-padding  column-top-margin'     ><style type=\"text\/css\" data-created_by=\"avia_inline_auto\" id=\"style-css-av-av_icon_box-5f27d69c98b3b16cb7eafe2ba14a786d\">\n.iconbox.av-av_icon_box-5f27d69c98b3b16cb7eafe2ba14a786d .iconbox_icon{\nborder:1px solid #bd1521;\ncolor:#bd1521;\n}\n<\/style>\n<article  class='iconbox iconbox_top av-av_icon_box-5f27d69c98b3b16cb7eafe2ba14a786d av-no-box  avia-builder-el-9  avia-builder-el-no-sibling '  itemscope=\"itemscope\" itemtype=\"https:\/\/schema.org\/CreativeWork\" ><div class=\"iconbox_content\"><header class=\"entry-content-header\"><div class=\"iconbox_icon heading-color\" aria-hidden='true' data-av_icon='\ue853' data-av_iconfont='entypo-fontello'><\/div><h3 class='iconbox_content_title '  itemprop=\"headline\" >Dozentin im Rahmen berufsbegleitender Weiterbildungen <\/h3><\/header><div class='iconbox_content_container '  itemprop=\"text\" ><p><span style=\"color: #bd1521;\">z.B.: an der Universit\u00e4t Hamburg<\/span><\/p>\n<\/div><\/div><footer class=\"entry-footer\"><\/footer><\/article><\/div>\n<style type=\"text\/css\" data-created_by=\"avia_inline_auto\" id=\"style-css-av-av_one_fifth-c8fc129dc35fd1ae2a1e410224d39ea8\">\n.flex_column.av-av_one_fifth-c8fc129dc35fd1ae2a1e410224d39ea8{\nborder-radius:0px 0px 0px 0px;\npadding:0px 0px 0px 0px;\n}\n<\/style>\n<div  class='flex_column av-av_one_fifth-c8fc129dc35fd1ae2a1e410224d39ea8 av_one_fifth  avia-builder-el-10  el_after_av_three_fifth  el_before_av_one_fifth  flex_column_div av-zero-column-padding  column-top-margin'     ><\/div>\n<style type=\"text\/css\" data-created_by=\"avia_inline_auto\" id=\"style-css-av-av_one_fifth-15d750bd1b332b34c6e70b077ebbccdf\">\n.flex_column.av-av_one_fifth-15d750bd1b332b34c6e70b077ebbccdf{\nborder-radius:0px 0px 0px 0px;\npadding:0px 0px 0px 0px;\n}\n<\/style>\n<div  class='flex_column av-av_one_fifth-15d750bd1b332b34c6e70b077ebbccdf av_one_fifth  avia-builder-el-11  el_after_av_one_fifth  el_before_av_three_fifth  first flex_column_div av-zero-column-padding  column-top-margin'     ><\/div>\n<style type=\"text\/css\" data-created_by=\"avia_inline_auto\" id=\"style-css-av-av_three_fifth-c8fc129dc35fd1ae2a1e410224d39ea8\">\n.flex_column.av-av_three_fifth-c8fc129dc35fd1ae2a1e410224d39ea8{\nborder-radius:0px 0px 0px 0px;\npadding:0px 0px 0px 0px;\n}\n<\/style>\n<div  class='flex_column av-av_three_fifth-c8fc129dc35fd1ae2a1e410224d39ea8 av_three_fifth  avia-builder-el-12  el_after_av_one_fifth  el_before_av_one_fifth  flex_column_div av-zero-column-padding  column-top-margin'     ><style type=\"text\/css\" data-created_by=\"avia_inline_auto\" id=\"style-css-av-av_icon_box-238668dbc06a745b0bc3895c31babe6f\">\n.iconbox.av-av_icon_box-238668dbc06a745b0bc3895c31babe6f .iconbox_icon{\nborder:1px solid #bd1521;\ncolor:#bd1521;\n}\n<\/style>\n<article  class='iconbox iconbox_top av-av_icon_box-238668dbc06a745b0bc3895c31babe6f av-no-box  avia-builder-el-13  avia-builder-el-no-sibling '  itemscope=\"itemscope\" itemtype=\"https:\/\/schema.org\/CreativeWork\" ><div class=\"iconbox_content\"><header class=\"entry-content-header\"><div class=\"iconbox_icon heading-color\" aria-hidden='true' data-av_icon='\ue8c9' data-av_iconfont='entypo-fontello'><\/div><h3 class='iconbox_content_title '  itemprop=\"headline\" >Dozentin f\u00fcr Aus- und Fortbildung im \u00f6ffentlichen Dienst<\/h3><\/header><div class='iconbox_content_container '  itemprop=\"text\" ><p style=\"text-align: center;\"><span style=\"color: #bd1521;\">z.B.: <\/span><\/p>\n<p style=\"text-align: center;\"><span style=\"color: #bd1521;\">\u2022 im Zentrum f\u00fcr Aus- und Fortbildung der Stadt Hamburg<\/span><\/p>\n<p style=\"text-align: center;\"><span style=\"color: #bd1521;\">\u2022 im Fortbildungszentrum der Stadt L\u00fcbeck<\/span><\/p>\n<\/div><\/div><footer class=\"entry-footer\"><\/footer><\/article><\/div>\n<style type=\"text\/css\" data-created_by=\"avia_inline_auto\" id=\"style-css-av-av_one_fifth-c8fc129dc35fd1ae2a1e410224d39ea8\">\n.flex_column.av-av_one_fifth-c8fc129dc35fd1ae2a1e410224d39ea8{\nborder-radius:0px 0px 0px 0px;\npadding:0px 0px 0px 0px;\n}\n<\/style>\n<div  class='flex_column av-av_one_fifth-c8fc129dc35fd1ae2a1e410224d39ea8 av_one_fifth  avia-builder-el-14  el_after_av_three_fifth  el_before_av_one_fifth  flex_column_div av-zero-column-padding  column-top-margin'     ><\/div>\n<style type=\"text\/css\" data-created_by=\"avia_inline_auto\" id=\"style-css-av-av_one_fifth-15d750bd1b332b34c6e70b077ebbccdf\">\n.flex_column.av-av_one_fifth-15d750bd1b332b34c6e70b077ebbccdf{\nborder-radius:0px 0px 0px 0px;\npadding:0px 0px 0px 0px;\n}\n<\/style>\n<div  class='flex_column av-av_one_fifth-15d750bd1b332b34c6e70b077ebbccdf av_one_fifth  avia-builder-el-15  el_after_av_one_fifth  el_before_av_three_fifth  first flex_column_div av-zero-column-padding  column-top-margin'     ><\/div>\n<style type=\"text\/css\" data-created_by=\"avia_inline_auto\" id=\"style-css-av-av_three_fifth-c8fc129dc35fd1ae2a1e410224d39ea8\">\n.flex_column.av-av_three_fifth-c8fc129dc35fd1ae2a1e410224d39ea8{\nborder-radius:0px 0px 0px 0px;\npadding:0px 0px 0px 0px;\n}\n<\/style>\n<div  class='flex_column av-av_three_fifth-c8fc129dc35fd1ae2a1e410224d39ea8 av_three_fifth  avia-builder-el-16  el_after_av_one_fifth  el_before_av_one_fifth  flex_column_div av-zero-column-padding  column-top-margin'     ><style type=\"text\/css\" data-created_by=\"avia_inline_auto\" id=\"style-css-av-av_icon_box-eb3bb982cd7c764ccffcce8df12f0fc3\">\n.iconbox.av-av_icon_box-eb3bb982cd7c764ccffcce8df12f0fc3 .iconbox_icon{\nborder:1px solid #bd1521;\ncolor:#bd1521;\n}\n<\/style>\n<article  class='iconbox iconbox_top av-av_icon_box-eb3bb982cd7c764ccffcce8df12f0fc3 av-no-box  avia-builder-el-17  avia-builder-el-no-sibling '  itemscope=\"itemscope\" itemtype=\"https:\/\/schema.org\/CreativeWork\" ><div class=\"iconbox_content\"><header class=\"entry-content-header\"><div class=\"iconbox_icon heading-color\" aria-hidden='true' data-av_icon='\ue8a5' data-av_iconfont='entypo-fontello'><\/div><h3 class='iconbox_content_title '  itemprop=\"headline\" >Themen (auch Inhouse)<\/h3><\/header><div class='iconbox_content_container '  itemprop=\"text\" ><p style=\"text-align: center;\"><span style=\"color: #bd1521;\">\u2022 Erfogreich Kommunizieren<\/span><\/p>\n<p style=\"text-align: center;\"><span style=\"color: #bd1521;\">\u2022 Lust auf F\u00fchrung?! Ein Workshop zur Entscheidungsfindung<\/span><\/p>\n<p style=\"text-align: center;\"><span style=\"color: #bd1521;\">\u2022 F\u00fchren f\u00fcr Stellvertreter<\/span><\/p>\n<p style=\"text-align: center;\"><span style=\"color: #bd1521;\">\u2022 Grundlagen der F\u00fchrung<\/span><\/p>\n<p style=\"text-align: center;\"><span style=\"color: #bd1521;\">\u2022 Vom Kollegen zum Vorgesetzten<\/span><\/p>\n<p style=\"text-align: center;\"><span style=\"color: #bd1521;\">\u2022 Mit Mitarbeitern Gespr\u00e4che f\u00fchren<\/span><\/p>\n<p style=\"text-align: center;\"><span style=\"color: #bd1521;\">\u2022 Selbstsicher im F\u00fchrungsalltag<\/span><\/p>\n<\/div><\/div><footer class=\"entry-footer\"><\/footer><\/article><\/div>\n<style type=\"text\/css\" data-created_by=\"avia_inline_auto\" id=\"style-css-av-av_one_fifth-c8fc129dc35fd1ae2a1e410224d39ea8\">\n.flex_column.av-av_one_fifth-c8fc129dc35fd1ae2a1e410224d39ea8{\nborder-radius:0px 0px 0px 0px;\npadding:0px 0px 0px 0px;\n}\n<\/style>\n<div  class='flex_column av-av_one_fifth-c8fc129dc35fd1ae2a1e410224d39ea8 av_one_fifth  avia-builder-el-18  el_after_av_three_fifth  avia-builder-el-last  flex_column_div av-zero-column-padding  column-top-margin'     ><\/div><div  class='avia-button-wrap avia-button-center  avia-builder-el-19  el_after_av_section  avia-builder-el-last '>\n<style type=\"text\/css\" data-created_by=\"avia_inline_auto\" id=\"style-css-av-av_button_big-faace020d54bd30908d3eb38171d94e3\">\n#top #wrap_all .avia-button.av-av_button_big-faace020d54bd30908d3eb38171d94e3{\nbackground-color:#bd1521;\nborder-color:#bd1521;\ncolor:#ffffff;\ntransition:all 0.4s ease-in-out;\n}\n#top #wrap_all .avia-button.av-av_button_big-faace020d54bd30908d3eb38171d94e3:hover{\nbackground-color:#444444;\ncolor:#ffffff;\ntransition:all 0.4s ease-in-out;\n}\n<\/style>\n<a href='https:\/\/dagmarsaeger.de\/?page_id=35' class='av-icon-on-hover avia-button avia-button-fullwidth av-av_button_big-faace020d54bd30908d3eb38171d94e3 avia-icon_select-yes-right-icon avia-color-custom'  ><div class='av-button-description av-button-description-above'><p>Informieren Sie sich:<\/p>\n<\/div><span class='avia_iconbox_title' >040-53670097 <\/span><span class='avia_button_icon avia_button_icon_right' aria-hidden='true' data-av_icon='\ue854' data-av_iconfont='entypo-fontello'><\/span><\/a><\/div>\n","protected":false},"excerpt":{"rendered":"Dagmar S\u00e4ger, Training Qualit\u00e4t durch Wissen und \u00dcbung Regelm\u00e4\u00dfig offene Seminarez.B.: im Bildungszentrum Tannenfelde Dozentin im Rahmen berufsbegleitender Weiterbildungen z.B.: an der Universit\u00e4t Hamburg Dozentin f\u00fcr Aus- und Fortbildung im \u00f6ffentlichen Dienstz.B.: \u2022 im Zentrum f\u00fcr Aus- und Fortbildung der Stadt Hamburg \u2022 im Fortbildungszentrum der Stadt L\u00fcbeck Themen (auch Inhouse)\u2022 Erfogreich Kommunizieren \u2022 Lust [...]","protected":false},"author":1,"featured_media":0,"parent":0,"menu_order":0,"comment_status":"open","ping_status":"open","template":"","meta":[],"_links":{"self":[{"href":"https:\/\/dagmarsaeger.de\/index.php?rest_route=\/wp\/v2\/pages\/805"}],"collection":[{"href":"https:\/\/dagmarsaeger.de\/index.php?rest_route=\/wp\/v2\/pages"}],"about":[{"href":"https:\/\/dagmarsaeger.de\/index.php?rest_route=\/wp\/v2\/types\/page"}],"author":[{"embeddable":true,"href":"https:\/\/dagmarsaeger.de\/index.php?rest_route=\/wp\/v2\/users\/1"}],"replies":[{"embeddable":true,"href":"https:\/\/dagmarsaeger.de\/index.php?rest_route=%2Fwp%2Fv2%2Fcomments&post=805"}],"version-history":[{"count":28,"href":"https:\/\/dagmarsaeger.de\/index.php?rest_route=\/wp\/v2\/pages\/805\/revisions"}],"predecessor-version":[{"id":1158,"href":"https:\/\/dagmarsaeger.de\/index.php?rest_route=\/wp\/v2\/pages\/805\/revisions\/1158"}],"wp:attachment":[{"href":"https:\/\/dagmarsaeger.de\/index.php?rest_route=%2Fwp%2Fv2%2Fmedia&parent=805"}],"curies":[{"name":"wp","href":"https:\/\/api.w.org\/{rel}","templated":true}]}}