{"id":801,"date":"2018-02-20T16:31:13","date_gmt":"2018-02-20T15:31:13","guid":{"rendered":"http:\/\/www.dagmarsaeger.de\/?page_id=801"},"modified":"2018-04-25T00:07:27","modified_gmt":"2018-04-24T22:07:27","slug":"coaching","status":"publish","type":"page","link":"https:\/\/dagmarsaeger.de\/?page_id=801","title":{"rendered":"Coaching"},"content":{"rendered":"\n<style type=\"text\/css\" data-created_by=\"avia_inline_auto\" id=\"style-css-av-av_section-600aa4329972ffb6c8580ba7df52947a\">\n.avia-section.av-av_section-600aa4329972ffb6c8580ba7df52947a{\nbackground-color:#bd1521;\nbackground-image:unset;\n}\n.avia-section.av-av_section-600aa4329972ffb6c8580ba7df52947a .av-extra-border-element .av-extra-border-inner{\nbackground-color:#bd1521;\n}\n<\/style>\n<div id='av_section_1'  class='avia-section av-av_section-600aa4329972ffb6c8580ba7df52947a main_color avia-section-default avia-no-border-styling  avia-builder-el-0  el_before_av_section  avia-builder-el-first  avia-bg-style-scroll av-arrow-down-section av-minimum-height av-minimum-height-custom av-height-custom  container_wrap sidebar_right'   data-av_minimum_height_px='250'><div class='container av-section-cont-open' style='height:250px'><main  role=\"main\" itemprop=\"mainContentOfPage\"  class='template-page content  av-content-small alpha units'><div class='post-entry post-entry-type-page post-entry-801'><div class='entry-content-wrapper clearfix'>\n\n<style type=\"text\/css\" data-created_by=\"avia_inline_auto\" id=\"style-css-av-av_heading-485b40c0d44079e8c9b681007e975a26\">\n#top .av-special-heading.av-av_heading-485b40c0d44079e8c9b681007e975a26{\npadding-bottom:15px;\ncolor:#ffffff;\nfont-size:56px;\n}\nbody .av-special-heading.av-av_heading-485b40c0d44079e8c9b681007e975a26 .av-special-heading-tag .heading-char{\nfont-size:25px;\n}\n#top #wrap_all .av-special-heading.av-av_heading-485b40c0d44079e8c9b681007e975a26 .av-special-heading-tag{\nfont-size:56px;\n}\n.av-special-heading.av-av_heading-485b40c0d44079e8c9b681007e975a26 .special-heading-inner-border{\nborder-color:#ffffff;\n}\n.av-special-heading.av-av_heading-485b40c0d44079e8c9b681007e975a26 .av-subheading{\nfont-size:20px;\n}\n\n@media only screen and (min-width: 768px) and (max-width: 989px){ \n#top #wrap_all .av-special-heading.av-av_heading-485b40c0d44079e8c9b681007e975a26 .av-special-heading-tag{\nfont-size:50px;\n}\n}\n\n@media only screen and (min-width: 480px) and (max-width: 767px){ \n#top #wrap_all .av-special-heading.av-av_heading-485b40c0d44079e8c9b681007e975a26 .av-special-heading-tag{\nfont-size:40px;\n}\n}\n\n@media only screen and (max-width: 479px){ \n#top #wrap_all .av-special-heading.av-av_heading-485b40c0d44079e8c9b681007e975a26 .av-special-heading-tag{\nfont-size:30px;\n}\n}\n<\/style>\n<div  class='av-special-heading av-av_heading-485b40c0d44079e8c9b681007e975a26 av-special-heading-h2 custom-color-heading blockquote modern-quote  avia-builder-el-1  avia-builder-el-no-sibling  av-inherit-size'><div class='av_custom_color av-subheading av-subheading_above'><p>Dagmar S\u00e4ger, Coach<\/p>\n<\/div><h2 class='av-special-heading-tag'  itemprop=\"headline\"  >Ziele erkennen Mut fassen Pl\u00e4ne schmieden<\/h2><div class=\"special-heading-border\"><div class=\"special-heading-inner-border\"><\/div><\/div><\/div>\n\n<\/div><\/div><\/main><!-- close content main element --><\/div><div class='av-extra-border-element border-extra-arrow-down'><div class='av-extra-border-outer'><div class='av-extra-border-inner'><\/div><\/div><\/div><\/div><div id='av_section_2'  class='avia-section av-av_section-706698c889711cb827180783343b4e1a main_color avia-section-large avia-no-border-styling  avia-builder-el-2  el_after_av_section  el_before_av_section  avia-bg-style-scroll container_wrap sidebar_right'  ><div class='container av-section-cont-open' ><div class='template-page content  av-content-small alpha units'><div class='post-entry post-entry-type-page post-entry-801'><div class='entry-content-wrapper clearfix'>\n<div  class='flex_column av-av_one_fifth-2a9015ff38129c418a3f2eafba3e9512 av_one_fifth  avia-builder-el-3  el_before_av_one_fifth  avia-builder-el-first  first flex_column_div  '     ><style type=\"text\/css\" data-created_by=\"avia_inline_auto\" id=\"style-css-av-av_icon_box-cc71f4f442f420708f595b39fdb25113\">\n.iconbox.av-av_icon_box-cc71f4f442f420708f595b39fdb25113 .iconbox_icon{\nborder:1px solid #bd1521;\ncolor:#bd1521;\n}\n<\/style>\n<article  class='iconbox iconbox_top av-av_icon_box-cc71f4f442f420708f595b39fdb25113 av-no-box  avia-builder-el-4  avia-builder-el-no-sibling '  itemscope=\"itemscope\" itemtype=\"https:\/\/schema.org\/CreativeWork\" ><div class=\"iconbox_content\"><header class=\"entry-content-header\"><div class=\"iconbox_icon heading-color\" aria-hidden='true' data-av_icon='\ue80b' data-av_iconfont='entypo-fontello'><\/div><h3 class='iconbox_content_title '  itemprop=\"headline\" >Sparrings-partner <\/h3><\/header><div class='iconbox_content_container '  itemprop=\"text\" ><p>zur Standortbestimmung gesucht?<\/p>\n<\/div><\/div><footer class=\"entry-footer\"><\/footer><\/article><\/div>\n<style type=\"text\/css\" data-created_by=\"avia_inline_auto\" id=\"style-css-av-av_one_fifth-c8fc129dc35fd1ae2a1e410224d39ea8\">\n.flex_column.av-av_one_fifth-c8fc129dc35fd1ae2a1e410224d39ea8{\nborder-radius:0px 0px 0px 0px;\npadding:0px 0px 0px 0px;\n}\n<\/style>\n<div  class='flex_column av-av_one_fifth-c8fc129dc35fd1ae2a1e410224d39ea8 av_one_fifth  avia-builder-el-5  el_after_av_one_fifth  el_before_av_one_fifth  flex_column_div av-zero-column-padding  '     ><style type=\"text\/css\" data-created_by=\"avia_inline_auto\" id=\"style-css-av-av_icon_box-7c0f0552f00d0c997d35c6d7ea95dc96\">\n.iconbox.av-av_icon_box-7c0f0552f00d0c997d35c6d7ea95dc96 .iconbox_icon{\nborder:1px solid #bd1521;\ncolor:#bd1521;\n}\n<\/style>\n<article  class='iconbox iconbox_top av-av_icon_box-7c0f0552f00d0c997d35c6d7ea95dc96 av-no-box  avia-builder-el-6  avia-builder-el-no-sibling '  itemscope=\"itemscope\" itemtype=\"https:\/\/schema.org\/CreativeWork\" ><div class=\"iconbox_content\"><header class=\"entry-content-header\"><div class=\"iconbox_icon heading-color\" aria-hidden='true' data-av_icon='\ue8dd' data-av_iconfont='entypo-fontello'><\/div><h3 class='iconbox_content_title '  itemprop=\"headline\" >Gro\u00dfe Ver\u00e4n-derungen <\/h3><\/header><div class='iconbox_content_container '  itemprop=\"text\" ><p>im Arbeits- oder Privatleben?<\/p>\n<\/div><\/div><footer class=\"entry-footer\"><\/footer><\/article><\/div>\n<style type=\"text\/css\" data-created_by=\"avia_inline_auto\" id=\"style-css-av-av_one_fifth-c8fc129dc35fd1ae2a1e410224d39ea8\">\n.flex_column.av-av_one_fifth-c8fc129dc35fd1ae2a1e410224d39ea8{\nborder-radius:0px 0px 0px 0px;\npadding:0px 0px 0px 0px;\n}\n<\/style>\n<div  class='flex_column av-av_one_fifth-c8fc129dc35fd1ae2a1e410224d39ea8 av_one_fifth  avia-builder-el-7  el_after_av_one_fifth  el_before_av_one_fifth  flex_column_div av-zero-column-padding  '     ><style type=\"text\/css\" data-created_by=\"avia_inline_auto\" id=\"style-css-av-av_icon_box-d68b424e5c361be6bedbece930218158\">\n.iconbox.av-av_icon_box-d68b424e5c361be6bedbece930218158 .iconbox_icon{\nborder:1px solid #bd1521;\ncolor:#bd1521;\n}\n<\/style>\n<article  class='iconbox iconbox_top av-av_icon_box-d68b424e5c361be6bedbece930218158 av-no-box  avia-builder-el-8  avia-builder-el-no-sibling '  itemscope=\"itemscope\" itemtype=\"https:\/\/schema.org\/CreativeWork\" ><div class=\"iconbox_content\"><header class=\"entry-content-header\"><div class=\"iconbox_icon heading-color\" aria-hidden='true' data-av_icon='\ue841' data-av_iconfont='entypo-fontello'><\/div><h3 class='iconbox_content_title '  itemprop=\"headline\" > wichtige Ent-scheidungen<\/h3><\/header><div class='iconbox_content_container '  itemprop=\"text\" ><p>stehen an?<\/p>\n<\/div><\/div><footer class=\"entry-footer\"><\/footer><\/article><\/div>\n<style type=\"text\/css\" data-created_by=\"avia_inline_auto\" id=\"style-css-av-av_one_fifth-c8fc129dc35fd1ae2a1e410224d39ea8\">\n.flex_column.av-av_one_fifth-c8fc129dc35fd1ae2a1e410224d39ea8{\nborder-radius:0px 0px 0px 0px;\npadding:0px 0px 0px 0px;\n}\n<\/style>\n<div  class='flex_column av-av_one_fifth-c8fc129dc35fd1ae2a1e410224d39ea8 av_one_fifth  avia-builder-el-9  el_after_av_one_fifth  el_before_av_one_fifth  flex_column_div av-zero-column-padding  '     ><style type=\"text\/css\" data-created_by=\"avia_inline_auto\" id=\"style-css-av-av_icon_box-03987571fcedb75d2a15a2c0ad7615ae\">\n.iconbox.av-av_icon_box-03987571fcedb75d2a15a2c0ad7615ae .iconbox_icon{\nborder:1px solid #bd1521;\ncolor:#bd1521;\n}\n<\/style>\n<article  class='iconbox iconbox_top av-av_icon_box-03987571fcedb75d2a15a2c0ad7615ae av-no-box  avia-builder-el-10  avia-builder-el-no-sibling '  itemscope=\"itemscope\" itemtype=\"https:\/\/schema.org\/CreativeWork\" ><div class=\"iconbox_content\"><header class=\"entry-content-header\"><div class=\"iconbox_icon heading-color\" aria-hidden='true' data-av_icon='\ue8da' data-av_iconfont='entypo-fontello'><\/div><h3 class='iconbox_content_title '  itemprop=\"headline\" >Neu<\/h3><\/header><div class='iconbox_content_container '  itemprop=\"text\" ><p>in einer F\u00fchrungsposition?<\/p>\n<\/div><\/div><footer class=\"entry-footer\"><\/footer><\/article><\/div>\n<style type=\"text\/css\" data-created_by=\"avia_inline_auto\" id=\"style-css-av-av_one_fifth-c8fc129dc35fd1ae2a1e410224d39ea8\">\n.flex_column.av-av_one_fifth-c8fc129dc35fd1ae2a1e410224d39ea8{\nborder-radius:0px 0px 0px 0px;\npadding:0px 0px 0px 0px;\n}\n<\/style>\n<div  class='flex_column av-av_one_fifth-c8fc129dc35fd1ae2a1e410224d39ea8 av_one_fifth  avia-builder-el-11  el_after_av_one_fifth  avia-builder-el-last  flex_column_div av-zero-column-padding  '     ><style type=\"text\/css\" data-created_by=\"avia_inline_auto\" id=\"style-css-av-av_icon_box-277a1eab78e698caf010491a208759cf\">\n.iconbox.av-av_icon_box-277a1eab78e698caf010491a208759cf .iconbox_icon{\nborder:1px solid #bd1521;\ncolor:#bd1521;\n}\n<\/style>\n<article  class='iconbox iconbox_top av-av_icon_box-277a1eab78e698caf010491a208759cf av-no-box  avia-builder-el-12  avia-builder-el-no-sibling '  itemscope=\"itemscope\" itemtype=\"https:\/\/schema.org\/CreativeWork\" ><div class=\"iconbox_content\"><header class=\"entry-content-header\"><div class=\"iconbox_icon heading-color\" aria-hidden='true' data-av_icon='\ue83e' data-av_iconfont='entypo-fontello'><\/div><h3 class='iconbox_content_title '  itemprop=\"headline\" >Konflikte<\/h3><\/header><div class='iconbox_content_container '  itemprop=\"text\" ><p>am Arbeitsplatz?<\/p>\n<\/div><\/div><footer class=\"entry-footer\"><\/footer><\/article><\/div>\n\n<\/div><\/div><\/div><!-- close content main div --><\/div><\/div>\n<style type=\"text\/css\" data-created_by=\"avia_inline_auto\" id=\"style-css-av-av_section-9bdcbf2174533b716d5e39574c8655a2\">\n.avia-section.av-av_section-9bdcbf2174533b716d5e39574c8655a2 .av-extra-border-element .av-extra-border-inner{\nbackground-color:#ffffff;\n}\n<\/style>\n<div id='av_section_3'  class='avia-section av-av_section-9bdcbf2174533b716d5e39574c8655a2 main_color avia-section-large avia-no-shadow  avia-builder-el-13  el_after_av_section  el_before_av_button_big  avia-bg-style-scroll av-arrow-down-section container_wrap sidebar_right'  ><div class='container av-section-cont-open' ><div class='template-page content  av-content-small alpha units'><div class='post-entry post-entry-type-page post-entry-801'><div class='entry-content-wrapper clearfix'>\n\n<style type=\"text\/css\" data-created_by=\"avia_inline_auto\" id=\"style-css-av-av_one_fifth-15d750bd1b332b34c6e70b077ebbccdf\">\n.flex_column.av-av_one_fifth-15d750bd1b332b34c6e70b077ebbccdf{\nborder-radius:0px 0px 0px 0px;\npadding:0px 0px 0px 0px;\n}\n<\/style>\n<div  class='flex_column av-av_one_fifth-15d750bd1b332b34c6e70b077ebbccdf av_one_fifth  avia-builder-el-14  el_before_av_three_fifth  avia-builder-el-first  first flex_column_div av-zero-column-padding  '     ><\/div>\n<style type=\"text\/css\" data-created_by=\"avia_inline_auto\" id=\"style-css-av-av_three_fifth-c8fc129dc35fd1ae2a1e410224d39ea8\">\n.flex_column.av-av_three_fifth-c8fc129dc35fd1ae2a1e410224d39ea8{\nborder-radius:0px 0px 0px 0px;\npadding:0px 0px 0px 0px;\n}\n<\/style>\n<div  class='flex_column av-av_three_fifth-c8fc129dc35fd1ae2a1e410224d39ea8 av_three_fifth  avia-builder-el-15  el_after_av_one_fifth  el_before_av_one_fifth  flex_column_div av-zero-column-padding  '     ><p>\n<style type=\"text\/css\" data-created_by=\"avia_inline_auto\" id=\"style-css-av-av_heading-c445bd8818b567a4f3ae0fe44fa7975a\">\n#top .av-special-heading.av-av_heading-c445bd8818b567a4f3ae0fe44fa7975a{\npadding-bottom:10px;\n}\nbody .av-special-heading.av-av_heading-c445bd8818b567a4f3ae0fe44fa7975a .av-special-heading-tag .heading-char{\nfont-size:25px;\n}\n.av-special-heading.av-av_heading-c445bd8818b567a4f3ae0fe44fa7975a .av-subheading{\nfont-size:15px;\n}\n\n@media only screen and (min-width: 768px) and (max-width: 989px){ \n#top #wrap_all .av-special-heading.av-av_heading-c445bd8818b567a4f3ae0fe44fa7975a .av-special-heading-tag{\nfont-size:50px;\n}\n}\n\n@media only screen and (min-width: 480px) and (max-width: 767px){ \n#top #wrap_all .av-special-heading.av-av_heading-c445bd8818b567a4f3ae0fe44fa7975a .av-special-heading-tag{\nfont-size:40px;\n}\n}\n\n@media only screen and (max-width: 479px){ \n#top #wrap_all .av-special-heading.av-av_heading-c445bd8818b567a4f3ae0fe44fa7975a .av-special-heading-tag{\nfont-size:30px;\n}\n}\n<\/style>\n<div  class='av-special-heading av-av_heading-c445bd8818b567a4f3ae0fe44fa7975a av-special-heading-h2 blockquote modern-quote modern-centered  avia-builder-el-16  el_before_av_textblock  avia-builder-el-first '><h2 class='av-special-heading-tag'  itemprop=\"headline\"  >Mein besonderes<br \/>\nAngebot f\u00fcr Sie: <\/h2><div class=\"special-heading-border\"><div class=\"special-heading-inner-border\"><\/div><\/div><\/div><br \/>\n\n<style type=\"text\/css\" data-created_by=\"avia_inline_auto\" id=\"style-css-av-av_textblock-ad111bd0451c51b618e82876f36871cb\">\n#top .av_textblock_section.av-av_textblock-ad111bd0451c51b618e82876f36871cb .avia_textblock{\nfont-size:16px;\n}\n<\/style>\n<section  class='av_textblock_section av-av_textblock-ad111bd0451c51b618e82876f36871cb '   itemscope=\"itemscope\" itemtype=\"https:\/\/schema.org\/CreativeWork\" ><div class='avia_textblock'  itemprop=\"text\" ><p><strong>Coaching in Bewegung \u2013 <\/strong>beim Spaziergang im Park Eindr\u00fccke sammeln, in der Bewegung verarbeiten, beim Gespr\u00e4ch vertiefen.\u00a0Treffpunkt: in Hamburg zum Beispiel im Stadtpark<\/p>\n<\/div><\/section><\/div>\n<style type=\"text\/css\" data-created_by=\"avia_inline_auto\" id=\"style-css-av-av_one_fifth-c8fc129dc35fd1ae2a1e410224d39ea8\">\n.flex_column.av-av_one_fifth-c8fc129dc35fd1ae2a1e410224d39ea8{\nborder-radius:0px 0px 0px 0px;\npadding:0px 0px 0px 0px;\n}\n<\/style>\n<div  class='flex_column av-av_one_fifth-c8fc129dc35fd1ae2a1e410224d39ea8 av_one_fifth  avia-builder-el-18  el_after_av_three_fifth  el_before_av_hr  flex_column_div av-zero-column-padding  '     ><\/div>\n<style type=\"text\/css\" data-created_by=\"avia_inline_auto\" id=\"style-css-av-av_hr-4474f20d2389e2e5ecf918a02da5132e\">\n#top .hr.hr-invisible.av-av_hr-4474f20d2389e2e5ecf918a02da5132e{\nheight:50px;\n}\n<\/style>\n<div  class='hr av-av_hr-4474f20d2389e2e5ecf918a02da5132e hr-invisible  avia-builder-el-19  el_after_av_one_fifth  avia-builder-el-last '><span class='hr-inner '><span class=\"hr-inner-style\"><\/span><\/span><\/div>\n\n<div  class='avia-button-wrap avia-button-center  avia-builder-el-20  el_after_av_section  avia-builder-el-last '>\n<style type=\"text\/css\" data-created_by=\"avia_inline_auto\" id=\"style-css-av-av_button_big-faace020d54bd30908d3eb38171d94e3\">\n#top #wrap_all .avia-button.av-av_button_big-faace020d54bd30908d3eb38171d94e3{\nbackground-color:#bd1521;\nborder-color:#bd1521;\ncolor:#ffffff;\ntransition:all 0.4s ease-in-out;\n}\n#top #wrap_all .avia-button.av-av_button_big-faace020d54bd30908d3eb38171d94e3:hover{\nbackground-color:#444444;\ncolor:#ffffff;\ntransition:all 0.4s ease-in-out;\n}\n<\/style>\n<a href='https:\/\/dagmarsaeger.de\/?page_id=35' class='av-icon-on-hover avia-button avia-button-fullwidth av-av_button_big-faace020d54bd30908d3eb38171d94e3 avia-icon_select-yes-right-icon avia-color-custom'  ><div class='av-button-description av-button-description-above'><p>Informieren Sie sich:<\/p>\n<\/div><span class='avia_iconbox_title' >040-53670097 <\/span><span class='avia_button_icon avia_button_icon_right' aria-hidden='true' data-av_icon='\ue854' data-av_iconfont='entypo-fontello'><\/span><\/a><\/div>\n","protected":false},"excerpt":{"rendered":"Dagmar S\u00e4ger, Coach Ziele erkennen Mut fassen Pl\u00e4ne schmieden Sparrings-partner zur Standortbestimmung gesucht? Gro\u00dfe Ver\u00e4n-derungen im Arbeits- oder Privatleben? wichtige Ent-scheidungenstehen an? Neuin einer F\u00fchrungsposition? Konflikteam Arbeitsplatz? Mein besonderes Angebot f\u00fcr Sie: Coaching in Bewegung \u2013 beim Spaziergang im Park Eindr\u00fccke sammeln, in der Bewegung verarbeiten, beim Gespr\u00e4ch vertiefen.\u00a0Treffpunkt: in Hamburg zum Beispiel im Stadtpark [...]","protected":false},"author":1,"featured_media":0,"parent":0,"menu_order":0,"comment_status":"open","ping_status":"open","template":"","meta":[],"_links":{"self":[{"href":"https:\/\/dagmarsaeger.de\/index.php?rest_route=\/wp\/v2\/pages\/801"}],"collection":[{"href":"https:\/\/dagmarsaeger.de\/index.php?rest_route=\/wp\/v2\/pages"}],"about":[{"href":"https:\/\/dagmarsaeger.de\/index.php?rest_route=\/wp\/v2\/types\/page"}],"author":[{"embeddable":true,"href":"https:\/\/dagmarsaeger.de\/index.php?rest_route=\/wp\/v2\/users\/1"}],"replies":[{"embeddable":true,"href":"https:\/\/dagmarsaeger.de\/index.php?rest_route=%2Fwp%2Fv2%2Fcomments&post=801"}],"version-history":[{"count":27,"href":"https:\/\/dagmarsaeger.de\/index.php?rest_route=\/wp\/v2\/pages\/801\/revisions"}],"predecessor-version":[{"id":1153,"href":"https:\/\/dagmarsaeger.de\/index.php?rest_route=\/wp\/v2\/pages\/801\/revisions\/1153"}],"wp:attachment":[{"href":"https:\/\/dagmarsaeger.de\/index.php?rest_route=%2Fwp%2Fv2%2Fmedia&parent=801"}],"curies":[{"name":"wp","href":"https:\/\/api.w.org\/{rel}","templated":true}]}}